{"id":19,"date":"2026-02-06T12:27:36","date_gmt":"2026-02-06T12:27:36","guid":{"rendered":"https:\/\/marcinandrzejewski.com\/?page_id=19"},"modified":"2026-02-08T18:49:02","modified_gmt":"2026-02-08T18:49:02","slug":"oferta","status":"publish","type":"page","link":"https:\/\/marcinandrzejewski.com\/index.php\/oferta\/","title":{"rendered":"Oferta"},"content":{"rendered":"\n<p>Prowadz\u0119 psychoterapi\u0119 indywidualn\u0105 dla os\u00f3b doros\u0142ych oraz terapi\u0119 par, pracuj\u0105c g\u0142\u00f3wnie w podej\u015bciu terapii schemat\u00f3w oraz terapii poznawczo-behawioralnej (CBT).<\/p>\n\n\n\n<p>Pomagam osobom, kt\u00f3re do\u015bwiadczaj\u0105 m.in.:<\/p>\n\n\n\n<ul class=\"wp-block-list\">\n<li>trudno\u015bci w relacjach z innymi,<\/li>\n\n\n\n<li>przewlek\u0142ego stresu lub l\u0119ku,<\/li>\n\n\n\n<li>obni\u017conego nastroju lub wypalenia,<\/li>\n\n\n\n<li>problem\u00f3w z poczuciem w\u0142asnej warto\u015bci,<\/li>\n\n\n\n<li>trudno\u015bci w radzeniu sobie z emocjami,<\/li>\n\n\n\n<li>kryzys\u00f3w i konflikt\u00f3w w relacji.<\/li>\n<\/ul>\n\n\n\n<p>Podczas terapii stawiam na bezpieczn\u0105 relacj\u0119, wzajemny szacunek oraz wsp\u00f3\u0142prac\u0119, dostosowan\u0105 do Twoich potrzeb i cel\u00f3w.<\/p>\n\n\n\n<p><strong>Cennik:<\/strong><\/p>\n\n\n\n<ul class=\"wp-block-list\">\n<li>Sesja indywidualna (50 min): <strong>280 z\u0142<\/strong><\/li>\n\n\n\n<li>Terapia par (50 min): <strong>380 z\u0142<\/strong><\/li>\n<\/ul>\n\n\n\n<p>Swoj\u0105 prac\u0119 kliniczn\u0105 prowadz\u0119 pod sta\u0142\u0105 superwizj\u0105.<\/p>\n\n\n\n<p>Zapraszam do kontaktu w celu um\u00f3wienia spotkania. <\/p>\n\n\n\n<p><\/p>\n","protected":false},"excerpt":{"rendered":"<p>Prowadz\u0119 psychoterapi\u0119 indywidualn\u0105 dla os\u00f3b doros\u0142ych oraz terapi\u0119 par, pracuj\u0105c g\u0142\u00f3wnie w podej\u015bciu terapii schemat\u00f3w oraz terapii poznawczo-behawioralnej (CBT). Pomagam [&hellip;]<\/p>\n","protected":false},"author":1,"featured_media":0,"parent":0,"menu_order":0,"comment_status":"closed","ping_status":"closed","template":"","meta":{"site-sidebar-layout":"default","site-content-layout":"","ast-site-content-layout":"default","site-content-style":"default","site-sidebar-style":"default","ast-global-header-display":"","ast-banner-title-visibility":"","ast-main-header-display":"","ast-hfb-above-header-display":"","ast-hfb-below-header-display":"","ast-hfb-mobile-header-display":"","site-post-title":"","ast-breadcrumbs-content":"","ast-featured-img":"","footer-sml-layout":"","ast-disable-related-posts":"","theme-transparent-header-meta":"","adv-header-id-meta":"","stick-header-meta":"","header-above-stick-meta":"","header-main-stick-meta":"","header-below-stick-meta":"","astra-migrate-meta-layouts":"default","ast-page-background-enabled":"default","ast-page-background-meta":{"desktop":{"background-color":"var(--ast-global-color-5)","background-image":"","background-repeat":"repeat","background-position":"center center","background-size":"auto","background-attachment":"scroll","background-type":"","background-media":"","overlay-type":"","overlay-color":"","overlay-opacity":"","overlay-gradient":""},"tablet":{"background-color":"","background-image":"","background-repeat":"repeat","background-position":"center center","background-size":"auto","background-attachment":"scroll","background-type":"","background-media":"","overlay-type":"","overlay-color":"","overlay-opacity":"","overlay-gradient":""},"mobile":{"background-color":"","background-image":"","background-repeat":"repeat","background-position":"center center","background-size":"auto","background-attachment":"scroll","background-type":"","background-media":"","overlay-type":"","overlay-color":"","overlay-opacity":"","overlay-gradient":""}},"ast-content-background-meta":{"desktop":{"background-color":"var(--ast-global-color-4)","background-image":"","background-repeat":"repeat","background-position":"center center","background-size":"auto","background-attachment":"scroll","background-type":"","background-media":"","overlay-type":"","overlay-color":"","overlay-opacity":"","overlay-gradient":""},"tablet":{"background-color":"var(--ast-global-color-4)","background-image":"","background-repeat":"repeat","background-position":"center center","background-size":"auto","background-attachment":"scroll","background-type":"","background-media":"","overlay-type":"","overlay-color":"","overlay-opacity":"","overlay-gradient":""},"mobile":{"background-color":"var(--ast-global-color-4)","background-image":"","background-repeat":"repeat","background-position":"center center","background-size":"auto","background-attachment":"scroll","background-type":"","background-media":"","overlay-type":"","overlay-color":"","overlay-opacity":"","overlay-gradient":""}},"footnotes":""},"class_list":["post-19","page","type-page","status-publish","hentry"],"_links":{"self":[{"href":"https:\/\/marcinandrzejewski.com\/index.php\/wp-json\/wp\/v2\/pages\/19","targetHints":{"allow":["GET"]}}],"collection":[{"href":"https:\/\/marcinandrzejewski.com\/index.php\/wp-json\/wp\/v2\/pages"}],"about":[{"href":"https:\/\/marcinandrzejewski.com\/index.php\/wp-json\/wp\/v2\/types\/page"}],"author":[{"embeddable":true,"href":"https:\/\/marcinandrzejewski.com\/index.php\/wp-json\/wp\/v2\/users\/1"}],"replies":[{"embeddable":true,"href":"https:\/\/marcinandrzejewski.com\/index.php\/wp-json\/wp\/v2\/comments?post=19"}],"version-history":[{"count":3,"href":"https:\/\/marcinandrzejewski.com\/index.php\/wp-json\/wp\/v2\/pages\/19\/revisions"}],"predecessor-version":[{"id":67,"href":"https:\/\/marcinandrzejewski.com\/index.php\/wp-json\/wp\/v2\/pages\/19\/revisions\/67"}],"wp:attachment":[{"href":"https:\/\/marcinandrzejewski.com\/index.php\/wp-json\/wp\/v2\/media?parent=19"}],"curies":[{"name":"wp","href":"https:\/\/api.w.org\/{rel}","templated":true}]}}