{"id":16,"date":"2026-02-06T09:45:40","date_gmt":"2026-02-06T09:45:40","guid":{"rendered":"https:\/\/marcinandrzejewski.com\/?page_id=16"},"modified":"2026-02-08T18:42:41","modified_gmt":"2026-02-08T18:42:41","slug":"o-mnie","status":"publish","type":"page","link":"https:\/\/marcinandrzejewski.com\/index.php\/o-mnie\/","title":{"rendered":"O mnie"},"content":{"rendered":"\n<p>Jestem psychologiem, certyfikowanym psychoterapeut\u0105 (nr 363) Polskiego Towarzystwa Terapii Poznawczej i Behawioralnej oraz certyfikowanym psychoterapeut\u0105 (IND-3257) Mi\u0119dzynarodowego Towarzystwa Terapii Schemat\u00f3w. Jestem absolwentem Uniwersytetu Gda\u0144skiego (psychologia) oraz Szko\u0142y Wy\u017cszej Psychologii Spo\u0142ecznej (podyplomowe, czteroletnie studia w nurcie terapii poznawczo-behawioralnej). Od 15 lat prowadz\u0119 psychoterapi\u0119 w prywatnym gabinecie.<\/p>\n\n\n\n<p>Pracuj\u0119 z osobami doros\u0142ymi do\u015bwiadczaj\u0105cymi zaburze\u0144 l\u0119kowych i depresyjnych oraz z osobami, kt\u00f3re maj\u0105 trudno\u015bci w relacjach i w funkcjonowaniu zawodowym. Prowadz\u0119 r\u00f3wnie\u017c terapi\u0119 par, wspieraj\u0105c partner\u00f3w w lepszym rozumieniu siebie nawzajem, poprawie komunikacji oraz wychodzeniu z kryzys\u00f3w w relacji. Psychoterapia poznawczo-behawioralna oraz terapia schemat\u00f3w to nurty, w kt\u00f3rych od lat si\u0119 rozwijam i kt\u00f3re s\u0105 mi szczeg\u00f3lnie bliskie. Pracuj\u0119 w tych podej\u015bciach, poniewa\u017c \u0142\u0105cz\u0105 one solidne podstawy naukowe z realn\u0105 zmian\u0105, jak\u0105 obserwuj\u0119 w codziennej pracy z pacjentami.<\/p>\n\n\n\n<p>Do\u015bwiadczenie kliniczne wielokrotnie utwierdza mnie w przekonaniu o skuteczno\u015bci tej formy pracy i nadaje mojej pracy poczucie sensu oraz celu. Je\u015bli rozwa\u017casz rozpocz\u0119cie psychoterapii i chcesz sprawdzi\u0107, czy ten spos\u00f3b pracy jest dla Ciebie odpowiedni, zapraszam do kontaktu.<\/p>\n","protected":false},"excerpt":{"rendered":"<p>Jestem psychologiem, certyfikowanym psychoterapeut\u0105 (nr 363) Polskiego Towarzystwa Terapii Poznawczej i Behawioralnej oraz certyfikowanym psychoterapeut\u0105 (IND-3257) Mi\u0119dzynarodowego Towarzystwa Terapii Schemat\u00f3w. [&hellip;]<\/p>\n","protected":false},"author":1,"featured_media":0,"parent":0,"menu_order":0,"comment_status":"closed","ping_status":"closed","template":"","meta":{"site-sidebar-layout":"default","site-content-layout":"","ast-site-content-layout":"default","site-content-style":"default","site-sidebar-style":"default","ast-global-header-display":"","ast-banner-title-visibility":"","ast-main-header-display":"","ast-hfb-above-header-display":"","ast-hfb-below-header-display":"","ast-hfb-mobile-header-display":"","site-post-title":"","ast-breadcrumbs-content":"","ast-featured-img":"","footer-sml-layout":"","ast-disable-related-posts":"","theme-transparent-header-meta":"","adv-header-id-meta":"","stick-header-meta":"","header-above-stick-meta":"","header-main-stick-meta":"","header-below-stick-meta":"","astra-migrate-meta-layouts":"default","ast-page-background-enabled":"default","ast-page-background-meta":{"desktop":{"background-color":"var(--ast-global-color-5)","background-image":"","background-repeat":"repeat","background-position":"center center","background-size":"auto","background-attachment":"scroll","background-type":"","background-media":"","overlay-type":"","overlay-color":"","overlay-opacity":"","overlay-gradient":""},"tablet":{"background-color":"","background-image":"","background-repeat":"repeat","background-position":"center center","background-size":"auto","background-attachment":"scroll","background-type":"","background-media":"","overlay-type":"","overlay-color":"","overlay-opacity":"","overlay-gradient":""},"mobile":{"background-color":"","background-image":"","background-repeat":"repeat","background-position":"center center","background-size":"auto","background-attachment":"scroll","background-type":"","background-media":"","overlay-type":"","overlay-color":"","overlay-opacity":"","overlay-gradient":""}},"ast-content-background-meta":{"desktop":{"background-color":"var(--ast-global-color-4)","background-image":"","background-repeat":"repeat","background-position":"center center","background-size":"auto","background-attachment":"scroll","background-type":"","background-media":"","overlay-type":"","overlay-color":"","overlay-opacity":"","overlay-gradient":""},"tablet":{"background-color":"var(--ast-global-color-4)","background-image":"","background-repeat":"repeat","background-position":"center center","background-size":"auto","background-attachment":"scroll","background-type":"","background-media":"","overlay-type":"","overlay-color":"","overlay-opacity":"","overlay-gradient":""},"mobile":{"background-color":"var(--ast-global-color-4)","background-image":"","background-repeat":"repeat","background-position":"center center","background-size":"auto","background-attachment":"scroll","background-type":"","background-media":"","overlay-type":"","overlay-color":"","overlay-opacity":"","overlay-gradient":""}},"footnotes":""},"class_list":["post-16","page","type-page","status-publish","hentry"],"_links":{"self":[{"href":"https:\/\/marcinandrzejewski.com\/index.php\/wp-json\/wp\/v2\/pages\/16","targetHints":{"allow":["GET"]}}],"collection":[{"href":"https:\/\/marcinandrzejewski.com\/index.php\/wp-json\/wp\/v2\/pages"}],"about":[{"href":"https:\/\/marcinandrzejewski.com\/index.php\/wp-json\/wp\/v2\/types\/page"}],"author":[{"embeddable":true,"href":"https:\/\/marcinandrzejewski.com\/index.php\/wp-json\/wp\/v2\/users\/1"}],"replies":[{"embeddable":true,"href":"https:\/\/marcinandrzejewski.com\/index.php\/wp-json\/wp\/v2\/comments?post=16"}],"version-history":[{"count":2,"href":"https:\/\/marcinandrzejewski.com\/index.php\/wp-json\/wp\/v2\/pages\/16\/revisions"}],"predecessor-version":[{"id":63,"href":"https:\/\/marcinandrzejewski.com\/index.php\/wp-json\/wp\/v2\/pages\/16\/revisions\/63"}],"wp:attachment":[{"href":"https:\/\/marcinandrzejewski.com\/index.php\/wp-json\/wp\/v2\/media?parent=16"}],"curies":[{"name":"wp","href":"https:\/\/api.w.org\/{rel}","templated":true}]}}